{"id":82,"date":"2016-05-08T07:21:27","date_gmt":"2016-05-08T07:21:27","guid":{"rendered":"http:\/\/novemak.com\/?page_id=82"},"modified":"2022-09-29T11:10:39","modified_gmt":"2022-09-29T08:10:39","slug":"iletisim","status":"publish","type":"page","link":"http:\/\/novemak.com\/en\/iletisim\/","title":{"rendered":"CONTACT"},"content":{"rendered":"<div class=\"wpb-content-wrapper\">\n[vc_row][vc_column][vc_empty_space][\/vc_column][\/vc_row][vc_row][vc_column][vc_gmaps link=&#8221;#E-8_JTNDaWZyYW1lJTIwc3JjJTNEJTIyaHR0cHMlM0ElMkYlMkZ3d3cuZ29vZ2xlLmNvbSUyRm1hcHMlMkZlbWJlZCUzRnBiJTNEJTIxMW0xNCUyMTFtOCUyMTFtMyUyMTFkNTg1MS41MTcxNzY0MTY2MjYlMjEyZDI4LjgyODQ3NzU0MTc5NTY2JTIxM2Q0MC45OTI2NTIwNTIwNzAzNiUyMTNtMiUyMTFpMTAyNCUyMTJpNzY4JTIxNGYxMy4xJTIxM20zJTIxMW0yJTIxMXMweDAlMjUzQTB4ZTQwYjU2OTVlM2Q5NjYxMiUyMTJzUm91dGUlMkIlMjVDNCUyNUIwc3RhbmJ1bCUyMTVlMCUyMTNtMiUyMTFzdHIlMjEyc3RyJTIxNHYxNTM5MjAwMzUwMjQxJTIyJTIwd2lkdGglM0QlMjI2MDAlMjIlMjBoZWlnaHQlM0QlMjI0NTAlMjIlMjBmcmFtZWJvcmRlciUzRCUyMjAlMjIlMjBzdHlsZSUzRCUyMmJvcmRlciUzQTAlMjIlMjBhbGxvd2Z1bGxzY3JlZW4lM0UlM0MlMkZpZnJhbWUlM0U=&#8221;][\/vc_column][\/vc_row][vc_row][vc_column][vc_column_text]\n<hr \/>\n<h4 class=\"Section-title\">CONTACT INFO<\/h4>\n<hr \/>\n<p>NOVEMAK DI\u015e T\u0130CARET LTD. \u015eT\u0130.<br \/>\nRoute \u0130stanbul<br \/>\nAtak\u00f6y 7-8-9-10. K\u0131s\u0131m Mah.<br \/>\nE5 Yan Yol No: 6 Daire: 104<br \/>\nBak\u0131rk\u00f6y \/ \u0130stanbul \/ Turkiye<br \/>\nPhone: 0090 533 504 18 37<br \/>\ninfo@novemak.com[\/vc_column_text][\/vc_column][\/vc_row]\n\n<\/div>","protected":false},"excerpt":{"rendered":"<p>[vc_row][vc_column][vc_empty_space][\/vc_column][\/vc_row][vc_row][vc_column][vc_gmaps link=&#8221;#E-8_JTNDaWZyYW1lJTIwc3JjJTNEJTIyaHR0cHMlM0ElMkYlMkZ3d3cuZ29vZ2xlLmNvbSUyRm1hcHMlMkZlbWJlZCUzRnBiJTNEJTIxMW0xNCUyMTFtOCUyMTFtMyUyMTFkNTg1MS41MTcxNzY0MTY2MjYlMjEyZDI4LjgyODQ3NzU0MTc5NTY2JTIxM2Q0MC45OTI2NTIwNTIwNzAzNiUyMTNtMiUyMTFpMTAyNCUyMTJpNzY4JTIxNGYxMy4xJTIxM20zJTIxMW0yJTIxMXMweDAlMjUzQTB4ZTQwYjU2OTVlM2Q5NjYxMiUyMTJzUm91dGUlMkIlMjVDNCUyNUIwc3RhbmJ1bCUyMTVlMCUyMTNtMiUyMTFzdHIlMjEyc3RyJTIxNHYxNTM5MjAwMzUwMjQxJTIyJTIwd2lkdGglM0QlMjI2MDAlMjIlMjBoZWlnaHQlM0QlMjI0NTAlMjIlMjBmcmFtZWJvcmRlciUzRCUyMjAlMjIlMjBzdHlsZSUzRCUyMmJvcmRlciUzQTAlMjIlMjBhbGxvd2Z1bGxzY3JlZW4lM0UlM0MlMkZpZnJhbWUlM0U=&#8221;][\/vc_column][\/vc_row][vc_row][vc_column][vc_column_text] CONTACT INFO NOVEMAK DI\u015e T\u0130CARET LTD. \u015eT\u0130. Route \u0130stanbul Atak\u00f6y 7-8-9-10. K\u0131s\u0131m Mah. E5 Yan Yol No: 6 Daire: 104 Bak\u0131rk\u00f6y \/ \u0130stanbul \/ Turkiye Phone: 0090 533 504 18 37 info@novemak.com[\/vc_column_text][\/vc_column][\/vc_row]<\/p>\n","protected":false},"author":1,"featured_media":0,"parent":0,"menu_order":0,"comment_status":"open","ping_status":"open","template":"","meta":{"footnotes":""},"class_list":["post-82","page","type-page","status-publish","hentry","entry","no-media"],"_links":{"self":[{"href":"http:\/\/novemak.com\/en\/wp-json\/wp\/v2\/pages\/82","targetHints":{"allow":["GET"]}}],"collection":[{"href":"http:\/\/novemak.com\/en\/wp-json\/wp\/v2\/pages"}],"about":[{"href":"http:\/\/novemak.com\/en\/wp-json\/wp\/v2\/types\/page"}],"author":[{"embeddable":true,"href":"http:\/\/novemak.com\/en\/wp-json\/wp\/v2\/users\/1"}],"replies":[{"embeddable":true,"href":"http:\/\/novemak.com\/en\/wp-json\/wp\/v2\/comments?post=82"}],"version-history":[{"count":20,"href":"http:\/\/novemak.com\/en\/wp-json\/wp\/v2\/pages\/82\/revisions"}],"predecessor-version":[{"id":1375,"href":"http:\/\/novemak.com\/en\/wp-json\/wp\/v2\/pages\/82\/revisions\/1375"}],"wp:attachment":[{"href":"http:\/\/novemak.com\/en\/wp-json\/wp\/v2\/media?parent=82"}],"curies":[{"name":"wp","href":"https:\/\/api.w.org\/{rel}","templated":true}]}}