{"id":330,"date":"2018-10-12T07:07:38","date_gmt":"2018-10-12T07:07:38","guid":{"rendered":"http:\/\/novemak.com\/?page_id=330"},"modified":"2022-08-01T15:22:29","modified_gmt":"2022-08-01T12:22:29","slug":"satis-sonrasi","status":"publish","type":"page","link":"http:\/\/novemak.com\/en\/satis-sonrasi\/","title":{"rendered":"SATI\u015e SONRASI"},"content":{"rendered":"<div class=\"wpb-content-wrapper\">\n[vc_row][vc_column width=&#8221;1\/4&#8243;][vc_column_text css_animation=&#8221;fadeIn&#8221;]\n<h3>\u00d6NCE H\u0130ZMET<\/h3>\n<p>Sat\u0131n ald\u0131\u011f\u0131n\u0131z makinenin, t\u00fcm kullan\u0131m s\u00fcresince olu\u015fabilecek sorunlar\u0131 hakk\u0131nda sizi dinlemeye ve ihtiya\u00e7lar\u0131n\u0131za cevap vermeye haz\u0131r\u0131z.[\/vc_column_text][\/vc_column][vc_column width=&#8221;3\/4&#8243;][vc_empty_space height=&#8221;36&#8243;][vc_column_text]<iframe loading=\"lazy\" src=\"https:\/\/www.youtube.com\/embed\/aHxmL5UeSHU?rel=0&amp;autoplay=1\" width=\"800\" height=\"450\" frameborder=\"0\" allowfullscreen=\"allowfullscreen\"><\/iframe>[\/vc_column_text][\/vc_column][\/vc_row]\n\n<\/div>","protected":false},"excerpt":{"rendered":"<p>[vc_row][vc_column width=&#8221;1\/4&#8243;][vc_column_text css_animation=&#8221;fadeIn&#8221;] \u00d6NCE H\u0130ZMET Sat\u0131n ald\u0131\u011f\u0131n\u0131z makinenin, t\u00fcm kullan\u0131m s\u00fcresince olu\u015fabilecek sorunlar\u0131 hakk\u0131nda sizi dinlemeye ve ihtiya\u00e7lar\u0131n\u0131za cevap vermeye haz\u0131r\u0131z.[\/vc_column_text][\/vc_column][vc_column width=&#8221;3\/4&#8243;][vc_empty_space height=&#8221;36&#8243;][vc_column_text][\/vc_column_text][\/vc_column][\/vc_row]<\/p>\n","protected":false},"author":1,"featured_media":0,"parent":0,"menu_order":0,"comment_status":"open","ping_status":"open","template":"","meta":{"footnotes":""},"class_list":["post-330","page","type-page","status-publish","hentry","entry","no-media"],"_links":{"self":[{"href":"http:\/\/novemak.com\/en\/wp-json\/wp\/v2\/pages\/330","targetHints":{"allow":["GET"]}}],"collection":[{"href":"http:\/\/novemak.com\/en\/wp-json\/wp\/v2\/pages"}],"about":[{"href":"http:\/\/novemak.com\/en\/wp-json\/wp\/v2\/types\/page"}],"author":[{"embeddable":true,"href":"http:\/\/novemak.com\/en\/wp-json\/wp\/v2\/users\/1"}],"replies":[{"embeddable":true,"href":"http:\/\/novemak.com\/en\/wp-json\/wp\/v2\/comments?post=330"}],"version-history":[{"count":31,"href":"http:\/\/novemak.com\/en\/wp-json\/wp\/v2\/pages\/330\/revisions"}],"predecessor-version":[{"id":1085,"href":"http:\/\/novemak.com\/en\/wp-json\/wp\/v2\/pages\/330\/revisions\/1085"}],"wp:attachment":[{"href":"http:\/\/novemak.com\/en\/wp-json\/wp\/v2\/media?parent=330"}],"curies":[{"name":"wp","href":"https:\/\/api.w.org\/{rel}","templated":true}]}}