{"id":297,"date":"2018-10-10T20:16:44","date_gmt":"2018-10-10T20:16:44","guid":{"rendered":"http:\/\/novemak.com\/?page_id=297"},"modified":"2022-09-29T11:01:02","modified_gmt":"2022-09-29T08:01:02","slug":"ilac","status":"publish","type":"page","link":"http:\/\/novemak.com\/en\/ilac\/","title":{"rendered":"PHARMA"},"content":{"rendered":"<div class=\"wpb-content-wrapper\">\n[vc_row][vc_column width=&#8221;1\/4&#8243;][vc_column_text]\n<h3>\u0130LA\u00c7 \u00dcRET\u0130M\u0130N\u0130ZDE KOMPLE \u00c7\u00d6Z\u00dcM \u00dcRET\u0130YORUZ<\/h3>\n<p class=\"show-for-large-up\">Marchesini \u0130LA\u00c7 sekt\u00f6r\u00fcne y\u00f6nelik olarak \u00e7ok \u00e7e\u015fitli makine ve anahtar teslimi \u00e7\u00f6z\u00fcmler sunmaktad\u0131r.<\/p>\n<p class=\"show-for-large-up\">\u00c7\u00f6z\u00fcmlerimiz hakk\u0131nda bilgi olmak i\u00e7in bize ula\u015f\u0131n.<\/p>\n[\/vc_column_text][vc_empty_space]<style>.vcex-button.vcex_69e1d848d4f2a{border-radius:10px;padding-inline-end:0px;padding-inline-start:0px;padding-block:8px;margin-inline-end:0px;margin-inline-start:0px;margin-block:1px;}<\/style><div class=\"theme-button-wrap theme-button-expanded-wrap\"><a href=\"https:\/\/www.rinova.me\/\" class=\"vcex-button theme-button graphical orange expanded expanded vcex_69e1d848d4f2a\"><span class=\"vcex-button-inner theme-button-inner wpex-flex wpex-flex-wrap wpex-items-center wpex-justify-center\">BA\u015eTAN YAPILANDIRMA<\/span><\/a><\/div> [vc_empty_space height=&#8221;16px&#8221;]<style>.vcex-button.vcex_69e1d848d6313{border-radius:8px;padding-block:10px;margin-block:1px;}<\/style><div class=\"theme-button-wrap theme-button-expanded-wrap\"><a href=\"https:\/\/www.marchesini.com\/pharma\/case-histories\/\" class=\"vcex-button theme-button orange expanded expanded vcex_69e1d848d6313\"><span class=\"vcex-button-inner theme-button-inner wpex-flex wpex-flex-wrap wpex-items-center wpex-justify-center\">\u00c7\u00d6Z\u00dcMLER\u0130M\u0130ZDEN \u00d6RNEKLER<\/span><\/a><\/div> [\/vc_column][vc_column width=&#8221;3\/4&#8243;][\/vc_column][\/vc_row]\n\n<\/div>","protected":false},"excerpt":{"rendered":"<p>[vc_row][vc_column width=&#8221;1\/4&#8243;][vc_column_text] \u0130LA\u00c7 \u00dcRET\u0130M\u0130N\u0130ZDE KOMPLE \u00c7\u00d6Z\u00dcM \u00dcRET\u0130YORUZ Marchesini \u0130LA\u00c7 sekt\u00f6r\u00fcne y\u00f6nelik olarak \u00e7ok \u00e7e\u015fitli makine ve anahtar teslimi \u00e7\u00f6z\u00fcmler sunmaktad\u0131r. \u00c7\u00f6z\u00fcmlerimiz hakk\u0131nda bilgi olmak i\u00e7in bize ula\u015f\u0131n. [\/vc_column_text][vc_empty_space][vc_empty_space height=&#8221;16px&#8221;][\/vc_column][vc_column width=&#8221;3\/4&#8243;][\/vc_column][\/vc_row]<\/p>\n","protected":false},"author":1,"featured_media":0,"parent":0,"menu_order":0,"comment_status":"open","ping_status":"open","template":"","meta":{"footnotes":""},"class_list":["post-297","page","type-page","status-publish","hentry","entry","no-media"],"_links":{"self":[{"href":"http:\/\/novemak.com\/en\/wp-json\/wp\/v2\/pages\/297","targetHints":{"allow":["GET"]}}],"collection":[{"href":"http:\/\/novemak.com\/en\/wp-json\/wp\/v2\/pages"}],"about":[{"href":"http:\/\/novemak.com\/en\/wp-json\/wp\/v2\/types\/page"}],"author":[{"embeddable":true,"href":"http:\/\/novemak.com\/en\/wp-json\/wp\/v2\/users\/1"}],"replies":[{"embeddable":true,"href":"http:\/\/novemak.com\/en\/wp-json\/wp\/v2\/comments?post=297"}],"version-history":[{"count":31,"href":"http:\/\/novemak.com\/en\/wp-json\/wp\/v2\/pages\/297\/revisions"}],"predecessor-version":[{"id":1373,"href":"http:\/\/novemak.com\/en\/wp-json\/wp\/v2\/pages\/297\/revisions\/1373"}],"wp:attachment":[{"href":"http:\/\/novemak.com\/en\/wp-json\/wp\/v2\/media?parent=297"}],"curies":[{"name":"wp","href":"https:\/\/api.w.org\/{rel}","templated":true}]}}